{"id":50,"date":"2025-12-20T06:53:04","date_gmt":"2025-12-20T06:53:04","guid":{"rendered":"https:\/\/pickleball-protrips.com\/?page_id=50"},"modified":"2025-12-20T07:46:36","modified_gmt":"2025-12-20T07:46:36","slug":"coach","status":"publish","type":"page","link":"https:\/\/pickleball-protrips.com\/index.php\/coach\/","title":{"rendered":"Coach"},"content":{"rendered":"\n<div class=\"wp-block-media-text is-stacked-on-mobile\"><figure class=\"wp-block-media-text__media\"><img loading=\"lazy\" decoding=\"async\" width=\"941\" height=\"1024\" src=\"https:\/\/pickleball-protrips.com\/wp-content\/uploads\/2025\/12\/Coach01-941x1024.jpg\" alt=\"\" class=\"wp-image-34 size-full\" srcset=\"https:\/\/pickleball-protrips.com\/wp-content\/uploads\/2025\/12\/Coach01-941x1024.jpg 941w, https:\/\/pickleball-protrips.com\/wp-content\/uploads\/2025\/12\/Coach01-276x300.jpg 276w, https:\/\/pickleball-protrips.com\/wp-content\/uploads\/2025\/12\/Coach01-768x835.jpg 768w, https:\/\/pickleball-protrips.com\/wp-content\/uploads\/2025\/12\/Coach01.jpg 1002w\" sizes=\"auto, (max-width: 941px) 100vw, 941px\" \/><\/figure><div class=\"wp-block-media-text__content\">\n<p><strong>Juan Carlos HINTZE<\/strong><\/p>\n\n\n\n<p>Entra\u00eeneur Principal<\/p>\n<\/div><\/div>\n\n\n\n<pre class=\"wp-block-verse\">Juan Carlos est un passionn\u00e9 de pickleball avec plus de 10 ans d' exp\u00e9rience dans l' enseignement et la comp\u00e9tition. Sa passion pour le sport et son approche p\u00e9dagogique innovante font de lui un entra\u00eeneur exceptionnel, d\u00e9di\u00e9 \u00e0 vous aider \u00e0 atteindre vos objectifs.<\/pre>\n","protected":false},"excerpt":{"rendered":"<p>Juan Carlos HINTZE Entra\u00eeneur Principal Juan Carlos est un passionn\u00e9 de pickleball avec plus de 10 ans d&rsquo; exp\u00e9rience dans l&rsquo; enseignement et la comp\u00e9tition. Sa passion pour le sport et son approche p\u00e9dagogique innovante font de lui un entra\u00eeneur exceptionnel, d\u00e9di\u00e9 \u00e0 vous aider \u00e0 atteindre vos objectifs.<\/p>\n","protected":false},"author":1,"featured_media":0,"parent":0,"menu_order":0,"comment_status":"closed","ping_status":"closed","template":"","meta":{"footnotes":""},"class_list":["post-50","page","type-page","status-publish","hentry"],"_links":{"self":[{"href":"https:\/\/pickleball-protrips.com\/index.php\/wp-json\/wp\/v2\/pages\/50","targetHints":{"allow":["GET"]}}],"collection":[{"href":"https:\/\/pickleball-protrips.com\/index.php\/wp-json\/wp\/v2\/pages"}],"about":[{"href":"https:\/\/pickleball-protrips.com\/index.php\/wp-json\/wp\/v2\/types\/page"}],"author":[{"embeddable":true,"href":"https:\/\/pickleball-protrips.com\/index.php\/wp-json\/wp\/v2\/users\/1"}],"replies":[{"embeddable":true,"href":"https:\/\/pickleball-protrips.com\/index.php\/wp-json\/wp\/v2\/comments?post=50"}],"version-history":[{"count":11,"href":"https:\/\/pickleball-protrips.com\/index.php\/wp-json\/wp\/v2\/pages\/50\/revisions"}],"predecessor-version":[{"id":131,"href":"https:\/\/pickleball-protrips.com\/index.php\/wp-json\/wp\/v2\/pages\/50\/revisions\/131"}],"wp:attachment":[{"href":"https:\/\/pickleball-protrips.com\/index.php\/wp-json\/wp\/v2\/media?parent=50"}],"curies":[{"name":"wp","href":"https:\/\/api.w.org\/{rel}","templated":true}]}}