{"id":113,"date":"2025-12-20T07:00:16","date_gmt":"2025-12-20T07:00:16","guid":{"rendered":"https:\/\/pickleball-protrips.com\/index.php\/a-propos\/"},"modified":"2025-12-20T07:16:32","modified_gmt":"2025-12-20T07:16:32","slug":"a-propos","status":"publish","type":"page","link":"https:\/\/pickleball-protrips.com\/index.php\/a-propos\/","title":{"rendered":"A propos"},"content":{"rendered":"\n<div class=\"wp-block-columns is-layout-flex wp-container-core-columns-is-layout-28f84493 wp-block-columns-is-layout-flex\">\n<div class=\"wp-block-column is-layout-flow wp-block-column-is-layout-flow\">\n<pre class=\"wp-block-verse\">Le pickleball, un sport de raquettes tr\u00e8s pris\u00e9 en Am\u00e9rique du Nord, conna\u00eet une croissance rapide.<br><br>Ce sport combine habilement des \u00e9l\u00e9ments du tennis, du badminton et du tennis de table.<\/pre>\n<\/div>\n\n\n\n<div class=\"wp-block-column is-layout-flow wp-block-column-is-layout-flow\">\n<pre class=\"wp-block-verse\">Le pickleball voit le jour en 1965 pr\u00e8s de Seattle, aux \u00c9tats-Unis. Trois amis, d\u00e9sireux de divertir leur famille, d\u00e9cident de jouer sur un terrain de badminton en utilisant des raquettes de tennis de table, une balle en plastique et un filet \u00e0 la hauteur de celui du badminton.<\/pre>\n<\/div>\n\n\n\n<div class=\"wp-block-column is-layout-flow wp-block-column-is-layout-flow\">\n<pre class=\"wp-block-verse\">Rapidement, ils modifient les r\u00e8gles, abaissent le filet \u00e0 la hauteur de celui du tennis, et ajustent quelques r\u00e8gles de base pour aboutir aux r\u00e8gles pratiqu\u00e9es aujourd\u2019hui dans le monde entier.<\/pre>\n<\/div>\n<\/div>\n\n\n\n<div class=\"wp-block-columns is-layout-flex wp-container-core-columns-is-layout-28f84493 wp-block-columns-is-layout-flex\">\n<div class=\"wp-block-column is-layout-flow wp-block-column-is-layout-flow\"><\/div>\n\n\n\n<div class=\"wp-block-column is-layout-flow wp-block-column-is-layout-flow\"><\/div>\n\n\n\n<div class=\"wp-block-column is-layout-flow wp-block-column-is-layout-flow\"><\/div>\n<\/div>\n","protected":false},"excerpt":{"rendered":"<p>Le pickleball, un sport de raquettes tr\u00e8s pris\u00e9 en Am\u00e9rique du Nord, conna\u00eet une croissance rapide.Ce sport combine habilement des \u00e9l\u00e9ments du tennis, du badminton et du tennis de table. Le pickleball voit le jour en 1965 pr\u00e8s de Seattle, aux \u00c9tats-Unis. Trois amis, d\u00e9sireux de divertir leur famille, d\u00e9cident de jouer sur un terrain [&hellip;]<\/p>\n","protected":false},"author":1,"featured_media":0,"parent":0,"menu_order":0,"comment_status":"closed","ping_status":"closed","template":"","meta":{"footnotes":""},"class_list":["post-113","page","type-page","status-publish","hentry"],"_links":{"self":[{"href":"https:\/\/pickleball-protrips.com\/index.php\/wp-json\/wp\/v2\/pages\/113","targetHints":{"allow":["GET"]}}],"collection":[{"href":"https:\/\/pickleball-protrips.com\/index.php\/wp-json\/wp\/v2\/pages"}],"about":[{"href":"https:\/\/pickleball-protrips.com\/index.php\/wp-json\/wp\/v2\/types\/page"}],"author":[{"embeddable":true,"href":"https:\/\/pickleball-protrips.com\/index.php\/wp-json\/wp\/v2\/users\/1"}],"replies":[{"embeddable":true,"href":"https:\/\/pickleball-protrips.com\/index.php\/wp-json\/wp\/v2\/comments?post=113"}],"version-history":[{"count":3,"href":"https:\/\/pickleball-protrips.com\/index.php\/wp-json\/wp\/v2\/pages\/113\/revisions"}],"predecessor-version":[{"id":118,"href":"https:\/\/pickleball-protrips.com\/index.php\/wp-json\/wp\/v2\/pages\/113\/revisions\/118"}],"wp:attachment":[{"href":"https:\/\/pickleball-protrips.com\/index.php\/wp-json\/wp\/v2\/media?parent=113"}],"curies":[{"name":"wp","href":"https:\/\/api.w.org\/{rel}","templated":true}]}}